{"id":201,"date":"2013-05-23T22:11:39","date_gmt":"2013-05-23T22:11:39","guid":{"rendered":"http:\/\/www.peterreichle.de.web56.ims-firmen.de\/?page_id=201"},"modified":"2017-09-07T20:05:52","modified_gmt":"2017-09-07T20:05:52","slug":"flexibles-atelier","status":"publish","type":"page","link":"http:\/\/www.peterreichle.de\/?page_id=201","title":{"rendered":"Flexibles Atelier"},"content":{"rendered":"<p><span style=\"font-size: large;\"><b>Warum ein flexibles Atelier?<\/b><\/span><\/p>\n<p><span style=\"font-size: medium;\">Das gro\u00dfe, betreuungsintensive Atelier in der alten Gerberei in der Ehinger Stra\u00dfe in Biberach hat meine Lebensplanung in letzter Zeit immer mehr eingeengt. Im Kunstbereich m\u00f6chte ich im Kopf frei sein und nicht l\u00e4nger durch statische Gegebenheiten (Atelierr\u00e4ume, festgelegte \u00d6ffnungszeiten, Umsatzdruck) in ein starres Konzept gezwungen werden.<\/span><\/p>\n<p><span style=\"font-size: medium;\">Ausw\u00e4rtige Malgruppen mussten oft am Abend oder an Wochenenden von weit her anreisen, teilweise sogar im Hotel \u00fcbernachten. Vielen interessierten potentiellen Kunden war das einfach zu aufwendig und zu teuer. Ich erhielt immer wieder Anfragen, ob es nicht m\u00f6glich w\u00e4re, dass ich mit meinen Malutensilien zum gew\u00fcnschten Ort kommen k\u00f6nnte.<\/span><\/p>\n<p><span style=\"font-size: medium;\">Auch der althergebrachte Galeriebesuch ist heutzutage vor allem bei der j\u00fcngeren Generation nicht mehr gefragt. Es ist alles zu zeitintensiv und oft auch mit Schwellenangst verbunden. Die virtuelle Verkaufsgalerie hat ihren Siegeszug angetreten. Mit ein paar Mausklicks befindet man sich in k\u00fcrzester Zeit, zu jeder Tages- und Nachtzeit ohne menschliche Ber\u00fchrungs\u00e4ngste im virtuellen Galeriebereich und kann mit einem Klick wieder in die Anonymit\u00e4t entschwinden.<\/span><\/p>\n<p><span style=\"font-size: medium;\">Dieser unumkehrbaren neuen Entwicklung habe ich nun durch die Einrichtung einer Internet-Verkaufsgalerie und dem wandernden Atelier Rechnung getragen. In Zukunft werden also meine Malkurse und Malpartys in Firmenr\u00e4umen, Hobbykellern, \u00fcberdachten Terrassen, Garagen oder am allerbesten bei sch\u00f6nem Wetter in bl\u00fchenden G\u00e4rten stattfinden. <\/span><span style=\"font-size: medium;\"><br \/>\n<a href=\"http:\/\/www.peterreichle.de\/wp-content\/uploads\/2013\/05\/flexibles-Atelier_700px.jpg\"><img decoding=\"async\" loading=\"lazy\" class=\"alignnone size-medium wp-image-323\" alt=\"flexibles-Atelier_700px\" src=\"http:\/\/www.peterreichle.de\/wp-content\/uploads\/2013\/05\/flexibles-Atelier_700px-300x135.jpg\" width=\"300\" height=\"135\" srcset=\"http:\/\/www.peterreichle.de\/wp-content\/uploads\/2013\/05\/flexibles-Atelier_700px-300x135.jpg 300w, http:\/\/www.peterreichle.de\/wp-content\/uploads\/2013\/05\/flexibles-Atelier_700px.jpg 700w\" sizes=\"(max-width: 300px) 100vw, 300px\" \/><\/a><\/span><\/p>\n<p><span style=\"font-size: medium;\">Nat\u00fcrlich werde ich weiterhin auch eigene Werke schaffen und ausstellen.<\/span><\/p>\n<p>&nbsp;<\/p>\n<p><span style=\"font-size: large;\"><b>Wie k\u00f6nnen Sie das \u201eflexible Atelier\u201c buchen?<\/b><\/span><\/p>\n<p><span style=\"font-size: medium;\">Wenn Sie \u00fcber einen Lagerraum, Hobbykeller, Garage, \u00fcberdachte Terrasse oder einfach bei sch\u00f6nem Wetter ein paar Quadratmeter Rasenfl\u00e4che verf\u00fcgen, steht dem Malkurs nichts im Weg. Im Notfall k\u00f6nnen wir auch bei mir in meinem Privatgarten malen. Malpartys anl\u00e4sslich von Firmenevents, Gartenfesten und Geburtstagen wurden von mir schon oftmals, vor allem in der Toskana, im Freien durchgef\u00fchrt.<\/span><\/p>\n<p><img decoding=\"async\" alt=\"\" src=\"http:\/\/www.peterreichle.de\/wp-content\/uploads\/2013\/05\/toskana.jpg\" \/><\/p>\n<p><span style=\"font-size: medium;\">Ich bringe von der Unterlegfolie \u00fcber Maltische, Leinw\u00e4nde, Farben und Pinsel bis zur eventuell notwendigen Beleuchtung oder Heizung alles mit. Aus einer Vielzahl von Bildbeispielen vom Laptop oder von mitgebrachten Kunstkatalogen kann jeder Teilnehmer das Motiv ausw\u00e4hlen, das ihm gef\u00e4llt.<\/span><br \/>\n<img decoding=\"async\" alt=\"\" src=\"http:\/\/www.peterreichle.de\/wp-content\/uploads\/2013\/10\/mobildes_atelier_700.jpg\" \/><\/p>\n","protected":false},"excerpt":{"rendered":"<p>Warum ein flexibles Atelier? Das gro\u00dfe, betreuungsintensive Atelier in der alten Gerberei in der Ehinger Stra\u00dfe in Biberach hat meine Lebensplanung in letzter Zeit immer mehr eingeengt. Im Kunstbereich m\u00f6chte ich im Kopf frei sein und nicht l\u00e4nger durch statische &hellip; <a href=\"http:\/\/www.peterreichle.de\/?page_id=201\">Weiterlesen <span class=\"meta-nav\">&rarr;<\/span><\/a><\/p>\n","protected":false},"author":1,"featured_media":0,"parent":0,"menu_order":0,"comment_status":"closed","ping_status":"closed","template":"","meta":{"ngg_post_thumbnail":0,"footnotes":""},"_links":{"self":[{"href":"http:\/\/www.peterreichle.de\/index.php?rest_route=\/wp\/v2\/pages\/201"}],"collection":[{"href":"http:\/\/www.peterreichle.de\/index.php?rest_route=\/wp\/v2\/pages"}],"about":[{"href":"http:\/\/www.peterreichle.de\/index.php?rest_route=\/wp\/v2\/types\/page"}],"author":[{"embeddable":true,"href":"http:\/\/www.peterreichle.de\/index.php?rest_route=\/wp\/v2\/users\/1"}],"replies":[{"embeddable":true,"href":"http:\/\/www.peterreichle.de\/index.php?rest_route=%2Fwp%2Fv2%2Fcomments&post=201"}],"version-history":[{"count":15,"href":"http:\/\/www.peterreichle.de\/index.php?rest_route=\/wp\/v2\/pages\/201\/revisions"}],"predecessor-version":[{"id":208,"href":"http:\/\/www.peterreichle.de\/index.php?rest_route=\/wp\/v2\/pages\/201\/revisions\/208"}],"wp:attachment":[{"href":"http:\/\/www.peterreichle.de\/index.php?rest_route=%2Fwp%2Fv2%2Fmedia&parent=201"}],"curies":[{"name":"wp","href":"https:\/\/api.w.org\/{rel}","templated":true}]}}