{"id":22,"date":"2013-05-15T16:29:07","date_gmt":"2013-05-15T16:29:07","guid":{"rendered":"http:\/\/www.peterreichle.de.web56.ims-firmen.de\/?page_id=22"},"modified":"2015-06-20T10:06:51","modified_gmt":"2015-06-20T10:06:51","slug":"malkurse","status":"publish","type":"page","link":"http:\/\/www.peterreichle.de\/?page_id=22","title":{"rendered":"Malkurse"},"content":{"rendered":"<!-- default-view.php -->\n<div\n\tclass=\"ngg-galleryoverview default-view \"\n\tid=\"ngg-gallery-359e74a84920be5f7870b0111d7ce384-1\">\n\n\t\t<!-- Thumbnails -->\n\t\t\t\t<div id=\"ngg-image-0\" class=\"ngg-gallery-thumbnail-box \" >\n\t\t\t\t        <div class=\"ngg-gallery-thumbnail\">\n            <a href=\"http:\/\/www.peterreichle.de\/wp-content\/gallery\/malkurse\/1.jpg\"\n               title=\"\"\n               data-src=\"http:\/\/www.peterreichle.de\/wp-content\/gallery\/malkurse\/1.jpg\"\n               data-thumbnail=\"http:\/\/www.peterreichle.de\/wp-content\/gallery\/malkurse\/thumbs\/thumbs_1.jpg\"\n               data-image-id=\"1\"\n               data-title=\"1\"\n               data-description=\"\"\n               data-image-slug=\"1\"\n               class='use_imagebrowser_effect' data-imagebrowser-url='http:\/\/www.peterreichle.de\/index.php\/nggallery\/image\/%STUB%?page_id=22'>\n                <img\n                    title=\"1\"\n                    alt=\"1\"\n                    src=\"http:\/\/www.peterreichle.de\/wp-content\/gallery\/malkurse\/thumbs\/thumbs_1.jpg\"\n                    width=\"100\"\n                    height=\"75\"\n                    style=\"max-width:100%;\"\n                \/>\n            <\/a>\n        <\/div>\n\t\t\t\t\t\t\t<\/div> \n\t\t\t\n\t\t\t\t<div id=\"ngg-image-1\" class=\"ngg-gallery-thumbnail-box \" >\n\t\t\t\t        <div class=\"ngg-gallery-thumbnail\">\n            <a href=\"http:\/\/www.peterreichle.de\/wp-content\/gallery\/malkurse\/pict3729.jpg\"\n               title=\"\"\n               data-src=\"http:\/\/www.peterreichle.de\/wp-content\/gallery\/malkurse\/pict3729.jpg\"\n               data-thumbnail=\"http:\/\/www.peterreichle.de\/wp-content\/gallery\/malkurse\/thumbs\/thumbs_pict3729.jpg\"\n               data-image-id=\"415\"\n               data-title=\"pict3729\"\n               data-description=\"\"\n               data-image-slug=\"pict3729\"\n               class='use_imagebrowser_effect' data-imagebrowser-url='http:\/\/www.peterreichle.de\/index.php\/nggallery\/image\/%STUB%?page_id=22'>\n                <img\n                    title=\"pict3729\"\n                    alt=\"pict3729\"\n                    src=\"http:\/\/www.peterreichle.de\/wp-content\/gallery\/malkurse\/thumbs\/thumbs_pict3729.jpg\"\n                    width=\"100\"\n                    height=\"75\"\n                    style=\"max-width:100%;\"\n                \/>\n            <\/a>\n        <\/div>\n\t\t\t\t\t\t\t<\/div> \n\t\t\t\n\t\t\t\t<div id=\"ngg-image-2\" class=\"ngg-gallery-thumbnail-box \" >\n\t\t\t\t        <div class=\"ngg-gallery-thumbnail\">\n            <a href=\"http:\/\/www.peterreichle.de\/wp-content\/gallery\/malkurse\/10.jpg\"\n               title=\"\"\n               data-src=\"http:\/\/www.peterreichle.de\/wp-content\/gallery\/malkurse\/10.jpg\"\n               data-thumbnail=\"http:\/\/www.peterreichle.de\/wp-content\/gallery\/malkurse\/thumbs\/thumbs_10.jpg\"\n               data-image-id=\"2\"\n               data-title=\"10\"\n               data-description=\"\"\n               data-image-slug=\"10\"\n               class='use_imagebrowser_effect' data-imagebrowser-url='http:\/\/www.peterreichle.de\/index.php\/nggallery\/image\/%STUB%?page_id=22'>\n                <img\n                    title=\"10\"\n                    alt=\"10\"\n                    src=\"http:\/\/www.peterreichle.de\/wp-content\/gallery\/malkurse\/thumbs\/thumbs_10.jpg\"\n                    width=\"100\"\n                    height=\"75\"\n                    style=\"max-width:100%;\"\n                \/>\n            <\/a>\n        <\/div>\n\t\t\t\t\t\t\t<\/div> \n\t\t\t\n\t\t\t\t<div id=\"ngg-image-3\" class=\"ngg-gallery-thumbnail-box \" >\n\t\t\t\t        <div class=\"ngg-gallery-thumbnail\">\n            <a href=\"http:\/\/www.peterreichle.de\/wp-content\/gallery\/malkurse\/herr-hymer.jpg\"\n               title=\"\"\n               data-src=\"http:\/\/www.peterreichle.de\/wp-content\/gallery\/malkurse\/herr-hymer.jpg\"\n               data-thumbnail=\"http:\/\/www.peterreichle.de\/wp-content\/gallery\/malkurse\/thumbs\/thumbs_herr-hymer.jpg\"\n               data-image-id=\"412\"\n               data-title=\"herr-hymer\"\n               data-description=\"\"\n               data-image-slug=\"herr-hymer\"\n               class='use_imagebrowser_effect' data-imagebrowser-url='http:\/\/www.peterreichle.de\/index.php\/nggallery\/image\/%STUB%?page_id=22'>\n                <img\n                    title=\"herr-hymer\"\n                    alt=\"herr-hymer\"\n                    src=\"http:\/\/www.peterreichle.de\/wp-content\/gallery\/malkurse\/thumbs\/thumbs_herr-hymer.jpg\"\n                    width=\"100\"\n                    height=\"75\"\n                    style=\"max-width:100%;\"\n                \/>\n            <\/a>\n        <\/div>\n\t\t\t\t\t\t\t<\/div> \n\t\t\t\n\t\t\t\t<div id=\"ngg-image-4\" class=\"ngg-gallery-thumbnail-box \" >\n\t\t\t\t        <div class=\"ngg-gallery-thumbnail\">\n            <a href=\"http:\/\/www.peterreichle.de\/wp-content\/gallery\/malkurse\/2.jpg\"\n               title=\"\"\n               data-src=\"http:\/\/www.peterreichle.de\/wp-content\/gallery\/malkurse\/2.jpg\"\n               data-thumbnail=\"http:\/\/www.peterreichle.de\/wp-content\/gallery\/malkurse\/thumbs\/thumbs_2.jpg\"\n               data-image-id=\"3\"\n               data-title=\"2\"\n               data-description=\"\"\n               data-image-slug=\"2\"\n               class='use_imagebrowser_effect' data-imagebrowser-url='http:\/\/www.peterreichle.de\/index.php\/nggallery\/image\/%STUB%?page_id=22'>\n                <img\n                    title=\"2\"\n                    alt=\"2\"\n                    src=\"http:\/\/www.peterreichle.de\/wp-content\/gallery\/malkurse\/thumbs\/thumbs_2.jpg\"\n                    width=\"100\"\n                    height=\"75\"\n                    style=\"max-width:100%;\"\n                \/>\n            <\/a>\n        <\/div>\n\t\t\t\t\t\t\t<\/div> \n\t\t\t\n\t\t\t\t<div id=\"ngg-image-5\" class=\"ngg-gallery-thumbnail-box \" >\n\t\t\t\t        <div class=\"ngg-gallery-thumbnail\">\n            <a href=\"http:\/\/www.peterreichle.de\/wp-content\/gallery\/malkurse\/3.jpg\"\n               title=\"\"\n               data-src=\"http:\/\/www.peterreichle.de\/wp-content\/gallery\/malkurse\/3.jpg\"\n               data-thumbnail=\"http:\/\/www.peterreichle.de\/wp-content\/gallery\/malkurse\/thumbs\/thumbs_3.jpg\"\n               data-image-id=\"4\"\n               data-title=\"3\"\n               data-description=\"\"\n               data-image-slug=\"3\"\n               class='use_imagebrowser_effect' data-imagebrowser-url='http:\/\/www.peterreichle.de\/index.php\/nggallery\/image\/%STUB%?page_id=22'>\n                <img\n                    title=\"3\"\n                    alt=\"3\"\n                    src=\"http:\/\/www.peterreichle.de\/wp-content\/gallery\/malkurse\/thumbs\/thumbs_3.jpg\"\n                    width=\"100\"\n                    height=\"75\"\n                    style=\"max-width:100%;\"\n                \/>\n            <\/a>\n        <\/div>\n\t\t\t\t\t\t\t<\/div> \n\t\t\t\n\t\t\t\t<div id=\"ngg-image-6\" class=\"ngg-gallery-thumbnail-box \" >\n\t\t\t\t        <div class=\"ngg-gallery-thumbnail\">\n            <a href=\"http:\/\/www.peterreichle.de\/wp-content\/gallery\/malkurse\/pict3711.jpg\"\n               title=\"\"\n               data-src=\"http:\/\/www.peterreichle.de\/wp-content\/gallery\/malkurse\/pict3711.jpg\"\n               data-thumbnail=\"http:\/\/www.peterreichle.de\/wp-content\/gallery\/malkurse\/thumbs\/thumbs_pict3711.jpg\"\n               data-image-id=\"413\"\n               data-title=\"pict3711\"\n               data-description=\"\"\n               data-image-slug=\"pict3711\"\n               class='use_imagebrowser_effect' data-imagebrowser-url='http:\/\/www.peterreichle.de\/index.php\/nggallery\/image\/%STUB%?page_id=22'>\n                <img\n                    title=\"pict3711\"\n                    alt=\"pict3711\"\n                    src=\"http:\/\/www.peterreichle.de\/wp-content\/gallery\/malkurse\/thumbs\/thumbs_pict3711.jpg\"\n                    width=\"100\"\n                    height=\"75\"\n                    style=\"max-width:100%;\"\n                \/>\n            <\/a>\n        <\/div>\n\t\t\t\t\t\t\t<\/div> \n\t\t\t\n\t\t\t\t<div id=\"ngg-image-7\" class=\"ngg-gallery-thumbnail-box \" >\n\t\t\t\t        <div class=\"ngg-gallery-thumbnail\">\n            <a href=\"http:\/\/www.peterreichle.de\/wp-content\/gallery\/malkurse\/5.jpg\"\n               title=\"\"\n               data-src=\"http:\/\/www.peterreichle.de\/wp-content\/gallery\/malkurse\/5.jpg\"\n               data-thumbnail=\"http:\/\/www.peterreichle.de\/wp-content\/gallery\/malkurse\/thumbs\/thumbs_5.jpg\"\n               data-image-id=\"5\"\n               data-title=\"5\"\n               data-description=\"\"\n               data-image-slug=\"5\"\n               class='use_imagebrowser_effect' data-imagebrowser-url='http:\/\/www.peterreichle.de\/index.php\/nggallery\/image\/%STUB%?page_id=22'>\n                <img\n                    title=\"5\"\n                    alt=\"5\"\n                    src=\"http:\/\/www.peterreichle.de\/wp-content\/gallery\/malkurse\/thumbs\/thumbs_5.jpg\"\n                    width=\"100\"\n                    height=\"75\"\n                    style=\"max-width:100%;\"\n                \/>\n            <\/a>\n        <\/div>\n\t\t\t\t\t\t\t<\/div> \n\t\t\t\n\t\t\t\t<div id=\"ngg-image-8\" class=\"ngg-gallery-thumbnail-box \" >\n\t\t\t\t        <div class=\"ngg-gallery-thumbnail\">\n            <a href=\"http:\/\/www.peterreichle.de\/wp-content\/gallery\/malkurse\/pict3714.jpg\"\n               title=\"\"\n               data-src=\"http:\/\/www.peterreichle.de\/wp-content\/gallery\/malkurse\/pict3714.jpg\"\n               data-thumbnail=\"http:\/\/www.peterreichle.de\/wp-content\/gallery\/malkurse\/thumbs\/thumbs_pict3714.jpg\"\n               data-image-id=\"414\"\n               data-title=\"pict3714\"\n               data-description=\"\"\n               data-image-slug=\"pict3714\"\n               class='use_imagebrowser_effect' data-imagebrowser-url='http:\/\/www.peterreichle.de\/index.php\/nggallery\/image\/%STUB%?page_id=22'>\n                <img\n                    title=\"pict3714\"\n                    alt=\"pict3714\"\n                    src=\"http:\/\/www.peterreichle.de\/wp-content\/gallery\/malkurse\/thumbs\/thumbs_pict3714.jpg\"\n                    width=\"100\"\n                    height=\"75\"\n                    style=\"max-width:100%;\"\n                \/>\n            <\/a>\n        <\/div>\n\t\t\t\t\t\t\t<\/div> \n\t\t\t\n\t\t\t\t<div id=\"ngg-image-9\" class=\"ngg-gallery-thumbnail-box \" >\n\t\t\t\t        <div class=\"ngg-gallery-thumbnail\">\n            <a href=\"http:\/\/www.peterreichle.de\/wp-content\/gallery\/malkurse\/6.jpg\"\n               title=\"\"\n               data-src=\"http:\/\/www.peterreichle.de\/wp-content\/gallery\/malkurse\/6.jpg\"\n               data-thumbnail=\"http:\/\/www.peterreichle.de\/wp-content\/gallery\/malkurse\/thumbs\/thumbs_6.jpg\"\n               data-image-id=\"6\"\n               data-title=\"6\"\n               data-description=\"\"\n               data-image-slug=\"6\"\n               class='use_imagebrowser_effect' data-imagebrowser-url='http:\/\/www.peterreichle.de\/index.php\/nggallery\/image\/%STUB%?page_id=22'>\n                <img\n                    title=\"6\"\n                    alt=\"6\"\n                    src=\"http:\/\/www.peterreichle.de\/wp-content\/gallery\/malkurse\/thumbs\/thumbs_6.jpg\"\n                    width=\"100\"\n                    height=\"75\"\n                    style=\"max-width:100%;\"\n                \/>\n            <\/a>\n        <\/div>\n\t\t\t\t\t\t\t<\/div> \n\t\t\t\n\t\t\t\t<div id=\"ngg-image-10\" class=\"ngg-gallery-thumbnail-box \" >\n\t\t\t\t        <div class=\"ngg-gallery-thumbnail\">\n            <a href=\"http:\/\/www.peterreichle.de\/wp-content\/gallery\/malkurse\/7.jpg\"\n               title=\"\"\n               data-src=\"http:\/\/www.peterreichle.de\/wp-content\/gallery\/malkurse\/7.jpg\"\n               data-thumbnail=\"http:\/\/www.peterreichle.de\/wp-content\/gallery\/malkurse\/thumbs\/thumbs_7.jpg\"\n               data-image-id=\"7\"\n               data-title=\"7\"\n               data-description=\"\"\n               data-image-slug=\"7\"\n               class='use_imagebrowser_effect' data-imagebrowser-url='http:\/\/www.peterreichle.de\/index.php\/nggallery\/image\/%STUB%?page_id=22'>\n                <img\n                    title=\"7\"\n                    alt=\"7\"\n                    src=\"http:\/\/www.peterreichle.de\/wp-content\/gallery\/malkurse\/thumbs\/thumbs_7.jpg\"\n                    width=\"100\"\n                    height=\"75\"\n                    style=\"max-width:100%;\"\n                \/>\n            <\/a>\n        <\/div>\n\t\t\t\t\t\t\t<\/div> \n\t\t\t\n\t\t\t\t<div id=\"ngg-image-11\" class=\"ngg-gallery-thumbnail-box \" >\n\t\t\t\t        <div class=\"ngg-gallery-thumbnail\">\n            <a href=\"http:\/\/www.peterreichle.de\/wp-content\/gallery\/malkurse\/8.jpg\"\n               title=\"\"\n               data-src=\"http:\/\/www.peterreichle.de\/wp-content\/gallery\/malkurse\/8.jpg\"\n               data-thumbnail=\"http:\/\/www.peterreichle.de\/wp-content\/gallery\/malkurse\/thumbs\/thumbs_8.jpg\"\n               data-image-id=\"8\"\n               data-title=\"8\"\n               data-description=\"\"\n               data-image-slug=\"8\"\n               class='use_imagebrowser_effect' data-imagebrowser-url='http:\/\/www.peterreichle.de\/index.php\/nggallery\/image\/%STUB%?page_id=22'>\n                <img\n                    title=\"8\"\n                    alt=\"8\"\n                    src=\"http:\/\/www.peterreichle.de\/wp-content\/gallery\/malkurse\/thumbs\/thumbs_8.jpg\"\n                    width=\"100\"\n                    height=\"75\"\n                    style=\"max-width:100%;\"\n                \/>\n            <\/a>\n        <\/div>\n\t\t\t\t\t\t\t<\/div> \n\t\t\t\n\t\n\t<br style=\"clear: both\" \/>\n\n\t\t<div class=\"slideshowlink\">\n        <a href='http:\/\/www.peterreichle.de\/index.php\/nggallery\/slideshow?page_id=22'>Slideshow<\/a>\n\t\t\n\t<\/div>\n\t\n\t\t<!-- Pagination -->\n\t<div class='ngg-clear'><\/div>\t<\/div>\n<p><b>Malkurs<\/b><\/p>\n<p>Der Malkurs beinhaltet in der Regel die Anfertigung eines abstrakten Acryl-Leinwandbildes f\u00fcr jeden Teilnehmer w\u00e4hrend einer einzigen Sitzung. Im Zuge der Entstehung der Bilder werden experimentelle Grundtechniken der abstrakten Acrylmalerei vermittelt.<\/p>\n<p>Ich bringe von der Unterlegfolie \u00fcber Maltische, Leinw\u00e4nde, Farben und Pinsel bis zur eventuell notwendigen Beleuchtung alles mit. Aus einer Vielzahl von Bildbeispielen vom Laptop oder von mitgebrachten Kunstkatalogen kann jeder Teilnehmer das Motiv ausw\u00e4hlen, das ihm gef\u00e4llt.<br \/>\nDamit nichts schief geht fertigen wir die abstrakten Bilder nacheinander, somit kann ich immer wieder helfend zur Hand gehen. Auch wer keine Ahnung vom Malen hat und sich als untalentiert einsch\u00e4tzt wird am Ende von seinem Ergebnis positiv \u00fcberrascht sein.<\/p>\n<p>Die durchschnittliche Dauer des Malkurses betr\u00e4gt bei 4 Teilnehmern\/innen etwa 3-4 Stunden. Ab 5 Teilnehmern z\u00e4hlt die Veranstaltung als Malparty und ist preislich entsprechend g\u00fcnstiger. Nat\u00fcrlich sind auch Einzeltermine m\u00f6glich.<\/p>\n<p>Wichtig: Anhand der nachfolgenden Preistabelle k\u00f6nnen Sie die m\u00f6glichen Formate aussuchen und mir bei der Anmeldung mitteilen.<\/p>\n<p>Bitte unbedingt noch ein Ersatzformat nennen, da zeitweise bestimmte Formate nicht lieferbar sind.<\/p>\n<p>Der Preis eines fertigen Bildes ist abh\u00e4ngig von der Anzahl der malenden Personen (oder Anzahl der gemalten Bilder, jemand k\u00f6nnte ja auch allein z. Bsp. 3 Bilder malen) und dem Bildformat.<\/p>\n<table class=\"fliesstext\">\n<tbody>\n<tr>\n<td colspan=\"5\">Komplettpreise bei Malkursen bis 4 Personen<br \/>\nDer Komplettpreis versteht sich pro Bild und beinhaltet Kurs, Leinwandrahmen, Farben und Lack (in \u20ac).<\/td>\n<\/tr>\n<tr>\n<td>Format<\/td>\n<td>Einzelkurs<\/td>\n<td>bei 2Pers<\/td>\n<td>bei 3Pers<\/td>\n<td>bei 4 Pers.<\/td>\n<\/tr>\n<tr bgcolor=\"000000\">\n<td>60 x 60 cm<\/td>\n<td>130,-<\/td>\n<td>120,-<\/td>\n<td>110,-<\/td>\n<td>95,-<\/td>\n<\/tr>\n<tr>\n<td>80 x 40 cm<\/td>\n<td>130,-<\/td>\n<td>120,-<\/td>\n<td>110,-<\/td>\n<td>95,-<\/td>\n<\/tr>\n<tr bgcolor=\"000000\">\n<td>100 x 40 cm<\/td>\n<td>140,-<\/td>\n<td>130,-<\/td>\n<td>120,.<\/td>\n<td>105,-<\/td>\n<\/tr>\n<tr>\n<td>80 x 60 cm<\/td>\n<td>140,-<\/td>\n<td>130,-<\/td>\n<td>120,-<\/td>\n<td>105,-<\/td>\n<\/tr>\n<tr bgcolor=\"000000\">\n<td>120 x 40 cm<\/td>\n<td>150,-<\/td>\n<td>125,-<\/td>\n<td>120,-<\/td>\n<td>115,-<\/td>\n<\/tr>\n<tr>\n<td>100 x 50 cm<\/td>\n<td>160,-<\/td>\n<td>135,-<\/td>\n<td>130,-<\/td>\n<td>120,-<\/td>\n<\/tr>\n<tr bgcolor=\"000000\">\n<td>80 x 80 cm<\/td>\n<td>170,-<\/td>\n<td>140,-<\/td>\n<td>135,-<\/td>\n<td>125,-<\/td>\n<\/tr>\n<tr>\n<td>100 x 70 cm<\/td>\n<td>180,-<\/td>\n<td>150,-<\/td>\n<td>135,-<\/td>\n<td>130,-<\/td>\n<\/tr>\n<tr bgcolor=\"000000\">\n<td>100 x 80 cm<\/td>\n<td>190,-<\/td>\n<td>155,-<\/td>\n<td>140,-<\/td>\n<td>135,-<\/td>\n<\/tr>\n<tr>\n<td>100 x 100 cm<\/td>\n<td>200,-<\/td>\n<td>160,-<\/td>\n<td>150,-<\/td>\n<td>140,-<\/td>\n<\/tr>\n<tr bgcolor=\"000000\">\n<td>120 x 80 cm<\/td>\n<td>200,-<\/td>\n<td>160,-<\/td>\n<td>150,-<\/td>\n<td>140,-<\/td>\n<\/tr>\n<tr>\n<td colspan=\"5\">Gro\u00dfformate:<\/td>\n<\/tr>\n<tr bgcolor=\"000000\">\n<td>120 x 100 cm<\/td>\n<td>240,-<\/td>\n<td>230,-<\/td>\n<td>220,-<\/td>\n<td>210,-<\/td>\n<\/tr>\n<tr>\n<td>120 x 120 cm<\/td>\n<td>290,-<\/td>\n<td>250,-<\/td>\n<td>240,-<\/td>\n<td>220,-<\/td>\n<\/tr>\n<tr bgcolor=\"000000\">\n<td>150 x 120 cm<\/td>\n<td>360,-<\/td>\n<td>320,-<\/td>\n<td>280,-<\/td>\n<td>250,-<\/td>\n<\/tr>\n<tr>\n<td colspan=\"5\">Wird ein zweiteiliges Bild (Diptychon) gemalt, z\u00e4hlt beim zweiten Rahmen nur der halbe angegebene Preis.<br \/>\nDie Bilder werden alle an einem Maltermin fertiggestellt. Barzahlung am Maltag.<strong>Hinzu kommen Fahrtkosten in H\u00f6he von 30 ct pro gefahrenem Kilometer.<\/strong><\/td>\n<\/tr>\n<\/tbody>\n<\/table>\n","protected":false},"excerpt":{"rendered":"<p>Malkurs Der Malkurs beinhaltet in der Regel die Anfertigung eines abstrakten Acryl-Leinwandbildes f\u00fcr jeden Teilnehmer w\u00e4hrend einer einzigen Sitzung. Im Zuge der Entstehung der Bilder werden experimentelle Grundtechniken der abstrakten Acrylmalerei vermittelt. Ich bringe von der Unterlegfolie \u00fcber Maltische, Leinw\u00e4nde, &hellip; <a href=\"http:\/\/www.peterreichle.de\/?page_id=22\">Weiterlesen <span class=\"meta-nav\">&rarr;<\/span><\/a><\/p>\n","protected":false},"author":1,"featured_media":0,"parent":0,"menu_order":0,"comment_status":"closed","ping_status":"closed","template":"","meta":{"ngg_post_thumbnail":0,"footnotes":""},"_links":{"self":[{"href":"http:\/\/www.peterreichle.de\/index.php?rest_route=\/wp\/v2\/pages\/22"}],"collection":[{"href":"http:\/\/www.peterreichle.de\/index.php?rest_route=\/wp\/v2\/pages"}],"about":[{"href":"http:\/\/www.peterreichle.de\/index.php?rest_route=\/wp\/v2\/types\/page"}],"author":[{"embeddable":true,"href":"http:\/\/www.peterreichle.de\/index.php?rest_route=\/wp\/v2\/users\/1"}],"replies":[{"embeddable":true,"href":"http:\/\/www.peterreichle.de\/index.php?rest_route=%2Fwp%2Fv2%2Fcomments&post=22"}],"version-history":[{"count":17,"href":"http:\/\/www.peterreichle.de\/index.php?rest_route=\/wp\/v2\/pages\/22\/revisions"}],"predecessor-version":[{"id":98,"href":"http:\/\/www.peterreichle.de\/index.php?rest_route=\/wp\/v2\/pages\/22\/revisions\/98"}],"wp:attachment":[{"href":"http:\/\/www.peterreichle.de\/index.php?rest_route=%2Fwp%2Fv2%2Fmedia&parent=22"}],"curies":[{"name":"wp","href":"https:\/\/api.w.org\/{rel}","templated":true}]}}