{"id":24,"date":"2013-05-15T16:29:23","date_gmt":"2013-05-15T16:29:23","guid":{"rendered":"http:\/\/www.peterreichle.de.web56.ims-firmen.de\/?page_id=24"},"modified":"2013-06-16T12:54:03","modified_gmt":"2013-06-16T12:54:03","slug":"malgutscheine","status":"publish","type":"page","link":"http:\/\/www.peterreichle.de\/?page_id=24","title":{"rendered":"Malgutschein"},"content":{"rendered":"<p><b>Malgutscheine &#8211; das besondere Geschenk<\/b><\/p>\n<p>Malgutscheine erhalten Sie ab 50\u20ac aufw\u00e4rts in jeder H\u00f6he. Der Betrag ist auf der R\u00fcckseite quittiert. Gerne schicke ich Ihnen den Gutschein inklusive Rechnung auch zu. Sie begleichen den Betrag bequem per Bank\u00fcberweisung<\/p><!-- default-view.php -->\n<div\n\tclass=\"ngg-galleryoverview default-view \"\n\tid=\"ngg-gallery-a5bb25176fb4d145b7583179a5f80573-1\">\n\n\t\t<!-- Thumbnails -->\n\t\t\t\t<div id=\"ngg-image-0\" class=\"ngg-gallery-thumbnail-box \" >\n\t\t\t\t        <div class=\"ngg-gallery-thumbnail\">\n            <a href=\"http:\/\/www.peterreichle.de\/wp-content\/gallery\/malgutscheine\/hinten_700px.jpg\"\n               title=\"Die R\u00fcckseite vom aktuellen Malgutschein\"\n               data-src=\"http:\/\/www.peterreichle.de\/wp-content\/gallery\/malgutscheine\/hinten_700px.jpg\"\n               data-thumbnail=\"http:\/\/www.peterreichle.de\/wp-content\/gallery\/malgutscheine\/thumbs\/thumbs_hinten_700px.jpg\"\n               data-image-id=\"410\"\n               data-title=\"hinten_700px\"\n               data-description=\"Die R\u00fcckseite vom aktuellen Malgutschein\"\n               data-image-slug=\"hinten_700px\"\n               class='use_imagebrowser_effect' data-imagebrowser-url='http:\/\/www.peterreichle.de\/index.php\/nggallery\/image\/%STUB%?page_id=24'>\n                <img\n                    title=\"hinten_700px\"\n                    alt=\"hinten_700px\"\n                    src=\"http:\/\/www.peterreichle.de\/wp-content\/gallery\/malgutscheine\/thumbs\/thumbs_hinten_700px.jpg\"\n                    width=\"100\"\n                    height=\"75\"\n                    style=\"max-width:100%;\"\n                \/>\n            <\/a>\n        <\/div>\n\t\t\t\t\t\t\t<\/div> \n\t\t\t\n\t\t\t\t<div id=\"ngg-image-1\" class=\"ngg-gallery-thumbnail-box \" >\n\t\t\t\t        <div class=\"ngg-gallery-thumbnail\">\n            <a href=\"http:\/\/www.peterreichle.de\/wp-content\/gallery\/malgutscheine\/vorne_700px.jpg\"\n               title=\"Die Vorderseite vom aktuellen Malgutschein\"\n               data-src=\"http:\/\/www.peterreichle.de\/wp-content\/gallery\/malgutscheine\/vorne_700px.jpg\"\n               data-thumbnail=\"http:\/\/www.peterreichle.de\/wp-content\/gallery\/malgutscheine\/thumbs\/thumbs_vorne_700px.jpg\"\n               data-image-id=\"411\"\n               data-title=\"vorne_700px\"\n               data-description=\"Die Vorderseite vom aktuellen Malgutschein\"\n               data-image-slug=\"vorne_700px\"\n               class='use_imagebrowser_effect' data-imagebrowser-url='http:\/\/www.peterreichle.de\/index.php\/nggallery\/image\/%STUB%?page_id=24'>\n                <img\n                    title=\"vorne_700px\"\n                    alt=\"vorne_700px\"\n                    src=\"http:\/\/www.peterreichle.de\/wp-content\/gallery\/malgutscheine\/thumbs\/thumbs_vorne_700px.jpg\"\n                    width=\"100\"\n                    height=\"75\"\n                    style=\"max-width:100%;\"\n                \/>\n            <\/a>\n        <\/div>\n\t\t\t\t\t\t\t<\/div> \n\t\t\t\n\t\n\t<br style=\"clear: both\" \/>\n\n\t\t<div class=\"slideshowlink\">\n        <a href='http:\/\/www.peterreichle.de\/index.php\/nggallery\/slideshow?page_id=24'>Slideshow<\/a>\n\t\t\n\t<\/div>\n\t\n\t\t<!-- Pagination -->\n\t<div class='ngg-clear'><\/div>\t<\/div>\n<p>&nbsp;<\/p>\n","protected":false},"excerpt":{"rendered":"<p>Malgutscheine &#8211; das besondere Geschenk Malgutscheine erhalten Sie ab 50\u20ac aufw\u00e4rts in jeder H\u00f6he. Der Betrag ist auf der R\u00fcckseite quittiert. Gerne schicke ich Ihnen den Gutschein inklusive Rechnung auch zu. Sie begleichen den Betrag bequem per Bank\u00fcberweisung &nbsp;<\/p>\n","protected":false},"author":1,"featured_media":0,"parent":0,"menu_order":0,"comment_status":"closed","ping_status":"closed","template":"","meta":{"ngg_post_thumbnail":0,"footnotes":""},"_links":{"self":[{"href":"http:\/\/www.peterreichle.de\/index.php?rest_route=\/wp\/v2\/pages\/24"}],"collection":[{"href":"http:\/\/www.peterreichle.de\/index.php?rest_route=\/wp\/v2\/pages"}],"about":[{"href":"http:\/\/www.peterreichle.de\/index.php?rest_route=\/wp\/v2\/types\/page"}],"author":[{"embeddable":true,"href":"http:\/\/www.peterreichle.de\/index.php?rest_route=\/wp\/v2\/users\/1"}],"replies":[{"embeddable":true,"href":"http:\/\/www.peterreichle.de\/index.php?rest_route=%2Fwp%2Fv2%2Fcomments&post=24"}],"version-history":[{"count":11,"href":"http:\/\/www.peterreichle.de\/index.php?rest_route=\/wp\/v2\/pages\/24\/revisions"}],"predecessor-version":[{"id":350,"href":"http:\/\/www.peterreichle.de\/index.php?rest_route=\/wp\/v2\/pages\/24\/revisions\/350"}],"wp:attachment":[{"href":"http:\/\/www.peterreichle.de\/index.php?rest_route=%2Fwp%2Fv2%2Fmedia&parent=24"}],"curies":[{"name":"wp","href":"https:\/\/api.w.org\/{rel}","templated":true}]}}