{"id":30,"date":"2013-05-15T16:30:27","date_gmt":"2013-05-15T16:30:27","guid":{"rendered":"http:\/\/www.peterreichle.de.web56.ims-firmen.de\/?page_id=30"},"modified":"2013-05-29T14:20:20","modified_gmt":"2013-05-29T14:20:20","slug":"impressum-2","status":"publish","type":"page","link":"http:\/\/www.peterreichle.de\/?page_id=30","title":{"rendered":"Impressum"},"content":{"rendered":"<table class=\"contenttable\">\n<tbody>\n<tr>\n<td valign=\"top\" nowrap=\"nowrap\"><b>Redaktion und Inhalte<\/b><\/td>\n<td>Peter Reichle<br \/>\nStecherweg 8<br \/>\n88400 Biberach<br \/>\nTel.: 07351 &#8211; 373418<br \/>\nFax: 07351 &#8211; 373419<br \/>\nE &#8211; Mail: <a class=\"textlink\" href=\"mailto:peter.reichle@t-online.de\">Peter.Reichle@t-online.de<\/a><br \/>\nWeb: <a class=\"textlink\" href=\"http:\/\/www.peterreichle.de\">www.peterreichle.de<\/a><\/td>\n<\/tr>\n<tr>\n<td valign=\"top\"><b>Programmierung und Gestaltung:<\/b><\/td>\n<td valign=\"top\">Ronnic Arts<br \/>\nMultimedia<br \/>\nSchillerweg 9<br \/>\n88433 Schemmerhofen E-Mail: <a class=\"textlink\" href=\"mailto:r.nickel@ronnic-arts.de\">r.nickel@ronnic-arts.de<\/a><br \/>\nInternet: <a class=\"textlink\" href=\"http:\/\/www.ronnic-arts.de\">www.ronnic-arts.de<\/a><\/td>\n<\/tr>\n<tr>\n<td valign=\"top\"><b>Haftung<\/b><\/td>\n<td valign=\"top\">Diese Website wurde mit gr\u00f6\u00dftm\u00f6glicher Sorgfalt zusammengestellt.Trotzdem kann keine Gew\u00e4hr f\u00fcr die Fehlerfreiheit und Genauigkeit der enthaltenen Informationen \u00fcbernommen werden. Jegliche Haftung f\u00fcr Sch\u00e4den, die direkt oder indirekt aus der Benutzung dieser Website entstehen, wird ausgeschlossen, soweit diese nicht auf Vorsatz oder grober Fahrl\u00e4ssigkeit beruhen.Sofern von dieser Website auf Internetseiten verwiesen wird, die von Dritten betrieben werden, \u00fcbernimmt Peter Reichle keine Verantwortung f\u00fcr deren Inhalte.<\/td>\n<\/tr>\n<\/tbody>\n<\/table>\n<p>[caccordion]<\/p>\n<div class=\"caccordion_container\">\n<div class=\"caccordion_title\">Ihre Daten<\/div>\n<div class=\"caccordion_content\">Die Sicherheit Ihrer Daten liegt uns sehr am Herzen und wir behandeln diese sehr sensibel. Wir speichern Ihre Daten nur zum Zweck der Kontaktaufnahme oder Auftragsbearbeitung und geben diese nicht an Dritte weiter, au\u00dfer wir weisen Sie darauf hin oder dies ist zum Zwecke der Durchf\u00fchrung oder Buchung einer Veranstaltung notwendig.<\/div>\n<\/div>\n<p>[\/caccordion]<\/p>\n<p><b>[caccordion]<\/b><\/p>\n<div class=\"caccordion_container\">\n<div class=\"caccordion_title\">Haftung f\u00fcr Links<\/div>\n<div class=\"caccordion_content\">Unser Angebot enth\u00e4lt Links zu externen Webseiten Dritter, auf deren Inhalte wir keinen Einfluss haben. Deshalb k\u00f6nnen wir f\u00fcr diese fremden Inhalte auch keine Gew\u00e4hr \u00fcbernehmen. F\u00fcr die Inhalte der verlinkten Seiten ist stets der jeweilige Anbieter oder Betreiber der Seiten verantwortlich. Die verlinkten Seiten wurden zum Zeitpunkt der Verlinkung auf m\u00f6gliche Rechtsverst\u00f6\u00dfe \u00fcberpr\u00fcft. Rechtswidrige Inhalte waren zum Zeitpunkt der Verlinkung nicht erkennbar. Eine permanente inhaltliche Kontrolle der verlinkten Seiten ist jedoch ohne konkrete Anhaltspunkte einer Rechtsverletzung nicht zumutbar. Bei Bekanntwerden von Rechtsverletzungen werden wir derartige Links umgehend entfernen.<\/div>\n<\/div>\n<p><b>[\/caccordion]<\/b><\/p>\n<p>[caccordion]<\/p>\n<div class=\"caccordion_container\">\n<div class=\"caccordion_title\">Urheberrecht<\/div>\n<div class=\"caccordion_content\">Die durch die Seitenbetreiber erstellten Inhalte und Werke auf diesen Seiten unterliegen dem deutschen Urheberrecht. Die Vervielf\u00e4ltigung, Bearbeitung, Verbreitung und jede Art der Verwertung au\u00dferhalb der Grenzen des Urheberrechtes bed\u00fcrfen der schriftlichen Zustimmung des jeweiligen Autors bzw. Erstellers. Downloads und Kopien dieser Seite sind nur f\u00fcr den privaten, nicht kommerziellen Gebrauch gestattet. Soweit die Inhalte auf dieser Seite nicht vom Betreiber erstellt wurden, werden die Urheberrechte Dritter beachtet. Insbesondere werden Inhalte Dritter als solche gekennzeichnet. Sollten Sie trotzdem auf eine Urheberrechtsverletzung aufmerksam werden, bitten wir um einen entsprechenden Hinweis. Bei Bekanntwerden von Rechtsverletzungen werden wir derartige Inhalte umgehend entfernen.<\/div>\n<\/div>\n<p>[\/caccordion]<\/p>\n<p>[caccordion]<\/p>\n<div class=\"caccordion_container\">\n<div class=\"caccordion_title\">Datenschutz<\/div>\n<div class=\"caccordion_content\">Die Nutzung unserer Webseite ist in der Regel ohne Angabe personenbezogener Daten m\u00f6glich. Soweit auf unseren Seiten personenbezogene Daten (beispielsweise Name, Anschrift oder eMail-Adressen) erhoben werden, erfolgt dies, soweit m\u00f6glich, stets auf freiwilliger Basis. Diese Daten werden ohne Ihre ausdr\u00fcckliche Zustimmung nicht an Dritte weitergegeben, es sei denn, diese werden zur Abwicklung einer Buchung von Dritten genutzt oder ben\u00f6tigt.<\/p>\n<p>Wir weisen darauf hin, dass die Daten\u00fcbertragung im Internet (z.B. bei der Kommunikation per E-Mail) Sicherheitsl\u00fccken aufweisen kann. Ein l\u00fcckenloser Schutz der Daten vor dem Zugriff durch Dritte ist nicht m\u00f6glich.<\/p>\n<p>Der Nutzung von im Rahmen der Impressumspflicht ver\u00f6ffentlichten Kontaktdaten durch Dritte zur \u00dcbersendung von nicht ausdr\u00fccklich angeforderter Werbung und Informationsmaterialien wird hiermit ausdr\u00fccklich widersprochen. Die Betreiber der Seiten behalten sich ausdr\u00fccklich rechtliche Schritte im Falle der unverlangten Zusendung von Werbeinformationen, etwa durch Spam-Mails, vor.<\/p><\/div>\n<\/div>\n<p>[\/caccordion]<\/p>\n<p>[caccordion]<\/p>\n<div class=\"caccordion_container\">\n<div class=\"caccordion_title\">Datenschutzerkl\u00e4rung f\u00fcr die Nutzung von Google Analytics<\/div>\n<div class=\"caccordion_content\">Diese Website benutzt Google Analytics, einen Webanalysedienst der Google Inc. (\u201cGoogle\u201d). Google Analytics verwendet sog. \u201cCookies\u201d, Textdateien, die auf Ihrem Computer gespeichert werden und die eine Analyse der Benutzung der Website durch Sie erm\u00f6glicht. Die durch den Cookie erzeugten Informationen \u00fcber Ihre Benutzung dieser Website (einschlie\u00dflich Ihrer IP-Adresse) wird an einen Server von Google in den USA \u00fcbertragen und dort gespeichert.<\/p>\n<p>Google wird diese Informationen benutzen, um Ihre Nutzung der Website auszuwerten, um Reports \u00fcber die Websiteaktivit\u00e4ten f\u00fcr die Websitebetreiber zusammenzustellen und um weitere mit der Websitenutzung und der Internetnutzung verbundene Dienstleistungen zu erbringen. Auch wird Google diese Informationen gegebenenfalls an Dritte \u00fcbertragen, sofern dies gesetzlich vorgeschrieben ist oder soweit Dritte diese Daten im Auftrag von Google verarbeiten. Google wird in keinem Fall Ihre IP-Adresse mit anderen Daten der Google Inc. in Verbindung bringen.<\/p>\n<p>Sie k\u00f6nnen die Installation der Cookies durch eine entsprechende Einstellung Ihrer Browser Software verhindern; wir weisen Sie jedoch darauf hin, dass Sie in diesem Fall gegebenenfalls nicht s\u00e4mtliche Funktionen dieser Website voll umf\u00e4nglich nutzen k\u00f6nnen. Durch die Nutzung dieser Website erkl\u00e4ren Sie sich mit der Bearbeitung der \u00fcber Sie erhobenen Daten durch Google in der zuvor beschriebenen Art und Weise und zu dem zuvor benannten Zweck einverstanden.<\/p><\/div>\n<\/div>\n<p>[\/caccordion]<\/p>\n<p>&nbsp;<\/p>\n<div class=\"clear\"><\/div>\n","protected":false},"excerpt":{"rendered":"<p>Redaktion und Inhalte Peter Reichle Stecherweg 8 88400 Biberach Tel.: 07351 &#8211; 373418 Fax: 07351 &#8211; 373419 E &#8211; Mail: Peter.Reichle@t-online.de Web: www.peterreichle.de Programmierung und Gestaltung: Ronnic Arts Multimedia Schillerweg 9 88433 Schemmerhofen E-Mail: r.nickel@ronnic-arts.de Internet: www.ronnic-arts.de Haftung Diese Website &hellip; <a href=\"http:\/\/www.peterreichle.de\/?page_id=30\">Weiterlesen <span class=\"meta-nav\">&rarr;<\/span><\/a><\/p>\n","protected":false},"author":1,"featured_media":0,"parent":0,"menu_order":0,"comment_status":"closed","ping_status":"closed","template":"","meta":{"ngg_post_thumbnail":0,"footnotes":""},"_links":{"self":[{"href":"http:\/\/www.peterreichle.de\/index.php?rest_route=\/wp\/v2\/pages\/30"}],"collection":[{"href":"http:\/\/www.peterreichle.de\/index.php?rest_route=\/wp\/v2\/pages"}],"about":[{"href":"http:\/\/www.peterreichle.de\/index.php?rest_route=\/wp\/v2\/types\/page"}],"author":[{"embeddable":true,"href":"http:\/\/www.peterreichle.de\/index.php?rest_route=\/wp\/v2\/users\/1"}],"replies":[{"embeddable":true,"href":"http:\/\/www.peterreichle.de\/index.php?rest_route=%2Fwp%2Fv2%2Fcomments&post=30"}],"version-history":[{"count":14,"href":"http:\/\/www.peterreichle.de\/index.php?rest_route=\/wp\/v2\/pages\/30\/revisions"}],"predecessor-version":[{"id":163,"href":"http:\/\/www.peterreichle.de\/index.php?rest_route=\/wp\/v2\/pages\/30\/revisions\/163"}],"wp:attachment":[{"href":"http:\/\/www.peterreichle.de\/index.php?rest_route=%2Fwp%2Fv2%2Fmedia&parent=30"}],"curies":[{"name":"wp","href":"https:\/\/api.w.org\/{rel}","templated":true}]}}